{"id":12,"date":"2026-02-09T19:33:12","date_gmt":"2026-02-09T19:33:12","guid":{"rendered":"https:\/\/notariuszgaledek.pl\/?page_id=12"},"modified":"2026-02-09T19:33:12","modified_gmt":"2026-02-09T19:33:12","slug":"wymagane-dokumenty","status":"publish","type":"page","link":"https:\/\/notariuszgaledek.pl\/index.php\/wymagane-dokumenty\/","title":{"rendered":"Wymagane dokumenty"},"content":{"rendered":"\n<p>Do dokonania czynno\u015bci notarialnej wymagany jest wa\u017cny dokument to\u017csamo\u015bci.<br>W zale\u017cno\u015bci od rodzaju sprawy mog\u0105 by\u0107 potrzebne dodatkowe dokumenty, takie jak numer ksi\u0119gi wieczystej czy odpis aktu stanu cywilnego.<br>Szczeg\u00f3\u0142owe informacje przekazywane s\u0105 przy umawianiu wizyty.<\/p>\n","protected":false},"excerpt":{"rendered":"<p>Do dokonania czynno\u015bci notarialnej wymagany jest wa\u017cny dokument to\u017csamo\u015bci.W zale\u017cno\u015bci od rodzaju sprawy mog\u0105 by\u0107 potrzebne dodatkowe dokumenty, takie jak numer ksi\u0119gi wieczystej czy odpis aktu stanu cywilnego.Szczeg\u00f3\u0142owe informacje przekazywane s\u0105 przy umawianiu wizyty.<\/p>\n","protected":false},"author":1,"featured_media":0,"parent":0,"menu_order":0,"comment_status":"closed","ping_status":"closed","template":"","meta":{"footnotes":""},"class_list":["post-12","page","type-page","status-publish","hentry"],"yoast_head":"<!-- This site is optimized with the Yoast SEO plugin v27.2 - https:\/\/yoast.com\/product\/yoast-seo-wordpress\/ -->\n<title>Wymagane dokumenty - Kancelaria Notarialna<\/title>\n<meta name=\"robots\" content=\"index, follow, max-snippet:-1, max-image-preview:large, max-video-preview:-1\" \/>\n<link rel=\"canonical\" href=\"https:\/\/notariuszgaledek.pl\/index.php\/wymagane-dokumenty\/\" \/>\n<meta property=\"og:locale\" content=\"pl_PL\" \/>\n<meta property=\"og:type\" content=\"article\" \/>\n<meta property=\"og:title\" content=\"Wymagane dokumenty - Kancelaria Notarialna\" \/>\n<meta property=\"og:description\" content=\"Do dokonania czynno\u015bci notarialnej wymagany jest wa\u017cny dokument to\u017csamo\u015bci.W zale\u017cno\u015bci od rodzaju sprawy mog\u0105 by\u0107 potrzebne dodatkowe dokumenty, takie jak numer ksi\u0119gi wieczystej czy odpis aktu stanu cywilnego.Szczeg\u00f3\u0142owe informacje przekazywane s\u0105 przy umawianiu wizyty.\" \/>\n<meta property=\"og:url\" content=\"https:\/\/notariuszgaledek.pl\/index.php\/wymagane-dokumenty\/\" \/>\n<meta property=\"og:site_name\" content=\"Kancelaria Notarialna\" \/>\n<meta name=\"twitter:card\" content=\"summary_large_image\" \/>\n<script type=\"application\/ld+json\" class=\"yoast-schema-graph\">{\"@context\":\"https:\/\/schema.org\",\"@graph\":[{\"@type\":\"WebPage\",\"@id\":\"https:\/\/notariuszgaledek.pl\/index.php\/wymagane-dokumenty\/\",\"url\":\"https:\/\/notariuszgaledek.pl\/index.php\/wymagane-dokumenty\/\",\"name\":\"Wymagane dokumenty - Kancelaria Notarialna\",\"isPartOf\":{\"@id\":\"https:\/\/notariuszgaledek.pl\/#website\"},\"datePublished\":\"2026-02-09T19:33:12+00:00\",\"breadcrumb\":{\"@id\":\"https:\/\/notariuszgaledek.pl\/index.php\/wymagane-dokumenty\/#breadcrumb\"},\"inLanguage\":\"pl-PL\",\"potentialAction\":[{\"@type\":\"ReadAction\",\"target\":[\"https:\/\/notariuszgaledek.pl\/index.php\/wymagane-dokumenty\/\"]}]},{\"@type\":\"BreadcrumbList\",\"@id\":\"https:\/\/notariuszgaledek.pl\/index.php\/wymagane-dokumenty\/#breadcrumb\",\"itemListElement\":[{\"@type\":\"ListItem\",\"position\":1,\"name\":\"Strona g\u0142\u00f3wna\",\"item\":\"https:\/\/notariuszgaledek.pl\/\"},{\"@type\":\"ListItem\",\"position\":2,\"name\":\"Wymagane dokumenty\"}]},{\"@type\":\"WebSite\",\"@id\":\"https:\/\/notariuszgaledek.pl\/#website\",\"url\":\"https:\/\/notariuszgaledek.pl\/\",\"name\":\"Kancelaria Notarialna\",\"description\":\"Notariusz Micha\u0142 Ga\u0142\u0119dek\",\"publisher\":{\"@id\":\"https:\/\/notariuszgaledek.pl\/#organization\"},\"potentialAction\":[{\"@type\":\"SearchAction\",\"target\":{\"@type\":\"EntryPoint\",\"urlTemplate\":\"https:\/\/notariuszgaledek.pl\/?s={search_term_string}\"},\"query-input\":{\"@type\":\"PropertyValueSpecification\",\"valueRequired\":true,\"valueName\":\"search_term_string\"}}],\"inLanguage\":\"pl-PL\"},{\"@type\":\"Organization\",\"@id\":\"https:\/\/notariuszgaledek.pl\/#organization\",\"name\":\"Kancelaria Notarialna\",\"url\":\"https:\/\/notariuszgaledek.pl\/\",\"logo\":{\"@type\":\"ImageObject\",\"inLanguage\":\"pl-PL\",\"@id\":\"https:\/\/notariuszgaledek.pl\/#\/schema\/logo\/image\/\",\"url\":\"https:\/\/notariuszgaledek.pl\/wp-content\/uploads\/2026\/02\/bitmapa.png\",\"contentUrl\":\"https:\/\/notariuszgaledek.pl\/wp-content\/uploads\/2026\/02\/bitmapa.png\",\"width\":512,\"height\":512,\"caption\":\"Kancelaria Notarialna\"},\"image\":{\"@id\":\"https:\/\/notariuszgaledek.pl\/#\/schema\/logo\/image\/\"}}]}<\/script>\n<!-- \/ Yoast SEO plugin. -->","yoast_head_json":{"title":"Wymagane dokumenty - Kancelaria Notarialna","robots":{"index":"index","follow":"follow","max-snippet":"max-snippet:-1","max-image-preview":"max-image-preview:large","max-video-preview":"max-video-preview:-1"},"canonical":"https:\/\/notariuszgaledek.pl\/index.php\/wymagane-dokumenty\/","og_locale":"pl_PL","og_type":"article","og_title":"Wymagane dokumenty - Kancelaria Notarialna","og_description":"Do dokonania czynno\u015bci notarialnej wymagany jest wa\u017cny dokument to\u017csamo\u015bci.W zale\u017cno\u015bci od rodzaju sprawy mog\u0105 by\u0107 potrzebne dodatkowe dokumenty, takie jak numer ksi\u0119gi wieczystej czy odpis aktu stanu cywilnego.Szczeg\u00f3\u0142owe informacje przekazywane s\u0105 przy umawianiu wizyty.","og_url":"https:\/\/notariuszgaledek.pl\/index.php\/wymagane-dokumenty\/","og_site_name":"Kancelaria Notarialna","twitter_card":"summary_large_image","schema":{"@context":"https:\/\/schema.org","@graph":[{"@type":"WebPage","@id":"https:\/\/notariuszgaledek.pl\/index.php\/wymagane-dokumenty\/","url":"https:\/\/notariuszgaledek.pl\/index.php\/wymagane-dokumenty\/","name":"Wymagane dokumenty - Kancelaria Notarialna","isPartOf":{"@id":"https:\/\/notariuszgaledek.pl\/#website"},"datePublished":"2026-02-09T19:33:12+00:00","breadcrumb":{"@id":"https:\/\/notariuszgaledek.pl\/index.php\/wymagane-dokumenty\/#breadcrumb"},"inLanguage":"pl-PL","potentialAction":[{"@type":"ReadAction","target":["https:\/\/notariuszgaledek.pl\/index.php\/wymagane-dokumenty\/"]}]},{"@type":"BreadcrumbList","@id":"https:\/\/notariuszgaledek.pl\/index.php\/wymagane-dokumenty\/#breadcrumb","itemListElement":[{"@type":"ListItem","position":1,"name":"Strona g\u0142\u00f3wna","item":"https:\/\/notariuszgaledek.pl\/"},{"@type":"ListItem","position":2,"name":"Wymagane dokumenty"}]},{"@type":"WebSite","@id":"https:\/\/notariuszgaledek.pl\/#website","url":"https:\/\/notariuszgaledek.pl\/","name":"Kancelaria Notarialna","description":"Notariusz Micha\u0142 Ga\u0142\u0119dek","publisher":{"@id":"https:\/\/notariuszgaledek.pl\/#organization"},"potentialAction":[{"@type":"SearchAction","target":{"@type":"EntryPoint","urlTemplate":"https:\/\/notariuszgaledek.pl\/?s={search_term_string}"},"query-input":{"@type":"PropertyValueSpecification","valueRequired":true,"valueName":"search_term_string"}}],"inLanguage":"pl-PL"},{"@type":"Organization","@id":"https:\/\/notariuszgaledek.pl\/#organization","name":"Kancelaria Notarialna","url":"https:\/\/notariuszgaledek.pl\/","logo":{"@type":"ImageObject","inLanguage":"pl-PL","@id":"https:\/\/notariuszgaledek.pl\/#\/schema\/logo\/image\/","url":"https:\/\/notariuszgaledek.pl\/wp-content\/uploads\/2026\/02\/bitmapa.png","contentUrl":"https:\/\/notariuszgaledek.pl\/wp-content\/uploads\/2026\/02\/bitmapa.png","width":512,"height":512,"caption":"Kancelaria Notarialna"},"image":{"@id":"https:\/\/notariuszgaledek.pl\/#\/schema\/logo\/image\/"}}]}},"_links":{"self":[{"href":"https:\/\/notariuszgaledek.pl\/index.php\/wp-json\/wp\/v2\/pages\/12","targetHints":{"allow":["GET"]}}],"collection":[{"href":"https:\/\/notariuszgaledek.pl\/index.php\/wp-json\/wp\/v2\/pages"}],"about":[{"href":"https:\/\/notariuszgaledek.pl\/index.php\/wp-json\/wp\/v2\/types\/page"}],"author":[{"embeddable":true,"href":"https:\/\/notariuszgaledek.pl\/index.php\/wp-json\/wp\/v2\/users\/1"}],"replies":[{"embeddable":true,"href":"https:\/\/notariuszgaledek.pl\/index.php\/wp-json\/wp\/v2\/comments?post=12"}],"version-history":[{"count":1,"href":"https:\/\/notariuszgaledek.pl\/index.php\/wp-json\/wp\/v2\/pages\/12\/revisions"}],"predecessor-version":[{"id":13,"href":"https:\/\/notariuszgaledek.pl\/index.php\/wp-json\/wp\/v2\/pages\/12\/revisions\/13"}],"wp:attachment":[{"href":"https:\/\/notariuszgaledek.pl\/index.php\/wp-json\/wp\/v2\/media?parent=12"}],"curies":[{"name":"wp","href":"https:\/\/api.w.org\/{rel}","templated":true}]}}