{"id":14,"date":"2026-02-09T19:33:43","date_gmt":"2026-02-09T19:33:43","guid":{"rendered":"https:\/\/notariuszgaledek.pl\/?page_id=14"},"modified":"2026-03-27T08:32:20","modified_gmt":"2026-03-27T08:32:20","slug":"kontakt","status":"publish","type":"page","link":"https:\/\/notariuszgaledek.pl\/index.php\/kontakt\/","title":{"rendered":"Kontakt"},"content":{"rendered":"\n<p><strong>Kancelaria Notarialna &#8211; Notariusz Micha\u0142 Ga\u0142\u0119dek<\/strong><br>Adres: ul. Szeroka 11\/13 \/ 2, 80-835 (wej\u015bcie od ul. W\u0119glarskiej)<br>Telefon: 534\u00a0392 902<br>E-mail: galedek@notariuszgaledek.pl<br>Godziny pracy: poniedzia\u0142ek\u2013pi\u0105tek 12.00-18.00<\/p>\n\n\n\n<iframe src=\"https:\/\/www.google.com\/maps\/embed?pb=!1m18!1m12!1m3!1d3857.3463860266493!2d18.648047077840587!3d54.35154327259794!2m3!1f0!2f0!3f0!3m2!1i1024!2i768!4f13.1!3m3!1m2!1s0x46fd734a96432697%3A0x579fa1f8aa92eebf!2zTm90YXJpdXN6IEdkYcWEc2sgTWljaGHFgiBHYcWCxJlkZWs!5e1!3m2!1spl!2spl!4v1774600197377!5m2!1spl!2spl\" width=\"600\" height=\"450\" style=\"border:0;\" allowfullscreen=\"\" loading=\"lazy\" referrerpolicy=\"no-referrer-when-downgrade\"><\/iframe>\n\n\n\n<p><\/p>\n","protected":false},"excerpt":{"rendered":"<p>Kancelaria Notarialna &#8211; Notariusz Micha\u0142 Ga\u0142\u0119dekAdres: ul. Szeroka 11\/13 \/ 2, 80-835 (wej\u015bcie od ul. W\u0119glarskiej)Telefon: 534\u00a0392 902E-mail: galedek@notariuszgaledek.plGodziny pracy: poniedzia\u0142ek\u2013pi\u0105tek 12.00-18.00<\/p>\n","protected":false},"author":1,"featured_media":0,"parent":0,"menu_order":0,"comment_status":"closed","ping_status":"closed","template":"","meta":{"footnotes":""},"class_list":["post-14","page","type-page","status-publish","hentry"],"yoast_head":"<!-- This site is optimized with the Yoast SEO plugin v27.2 - https:\/\/yoast.com\/product\/yoast-seo-wordpress\/ -->\n<title>Kontakt - Kancelaria Notarialna<\/title>\n<meta name=\"robots\" content=\"index, follow, max-snippet:-1, max-image-preview:large, max-video-preview:-1\" \/>\n<link rel=\"canonical\" href=\"https:\/\/notariuszgaledek.pl\/index.php\/kontakt\/\" \/>\n<meta property=\"og:locale\" content=\"pl_PL\" \/>\n<meta property=\"og:type\" content=\"article\" \/>\n<meta property=\"og:title\" content=\"Kontakt - Kancelaria Notarialna\" \/>\n<meta property=\"og:description\" content=\"Kancelaria Notarialna &#8211; Notariusz Micha\u0142 Ga\u0142\u0119dekAdres: ul. Szeroka 11\/13 \/ 2, 80-835 (wej\u015bcie od ul. W\u0119glarskiej)Telefon: 534\u00a0392 902E-mail: galedek@notariuszgaledek.plGodziny pracy: poniedzia\u0142ek\u2013pi\u0105tek 12.00-18.00\" \/>\n<meta property=\"og:url\" content=\"https:\/\/notariuszgaledek.pl\/index.php\/kontakt\/\" \/>\n<meta property=\"og:site_name\" content=\"Kancelaria Notarialna\" \/>\n<meta property=\"article:modified_time\" content=\"2026-03-27T08:32:20+00:00\" \/>\n<meta name=\"twitter:card\" content=\"summary_large_image\" \/>\n<meta name=\"twitter:label1\" content=\"Szacowany czas czytania\" \/>\n\t<meta name=\"twitter:data1\" content=\"1 minuta\" \/>\n<script type=\"application\/ld+json\" class=\"yoast-schema-graph\">{\"@context\":\"https:\/\/schema.org\",\"@graph\":[{\"@type\":\"WebPage\",\"@id\":\"https:\/\/notariuszgaledek.pl\/index.php\/kontakt\/\",\"url\":\"https:\/\/notariuszgaledek.pl\/index.php\/kontakt\/\",\"name\":\"Kontakt - Kancelaria Notarialna\",\"isPartOf\":{\"@id\":\"https:\/\/notariuszgaledek.pl\/#website\"},\"datePublished\":\"2026-02-09T19:33:43+00:00\",\"dateModified\":\"2026-03-27T08:32:20+00:00\",\"breadcrumb\":{\"@id\":\"https:\/\/notariuszgaledek.pl\/index.php\/kontakt\/#breadcrumb\"},\"inLanguage\":\"pl-PL\",\"potentialAction\":[{\"@type\":\"ReadAction\",\"target\":[\"https:\/\/notariuszgaledek.pl\/index.php\/kontakt\/\"]}]},{\"@type\":\"BreadcrumbList\",\"@id\":\"https:\/\/notariuszgaledek.pl\/index.php\/kontakt\/#breadcrumb\",\"itemListElement\":[{\"@type\":\"ListItem\",\"position\":1,\"name\":\"Strona g\u0142\u00f3wna\",\"item\":\"https:\/\/notariuszgaledek.pl\/\"},{\"@type\":\"ListItem\",\"position\":2,\"name\":\"Kontakt\"}]},{\"@type\":\"WebSite\",\"@id\":\"https:\/\/notariuszgaledek.pl\/#website\",\"url\":\"https:\/\/notariuszgaledek.pl\/\",\"name\":\"Kancelaria Notarialna\",\"description\":\"Notariusz Micha\u0142 Ga\u0142\u0119dek\",\"publisher\":{\"@id\":\"https:\/\/notariuszgaledek.pl\/#organization\"},\"potentialAction\":[{\"@type\":\"SearchAction\",\"target\":{\"@type\":\"EntryPoint\",\"urlTemplate\":\"https:\/\/notariuszgaledek.pl\/?s={search_term_string}\"},\"query-input\":{\"@type\":\"PropertyValueSpecification\",\"valueRequired\":true,\"valueName\":\"search_term_string\"}}],\"inLanguage\":\"pl-PL\"},{\"@type\":\"Organization\",\"@id\":\"https:\/\/notariuszgaledek.pl\/#organization\",\"name\":\"Kancelaria Notarialna\",\"url\":\"https:\/\/notariuszgaledek.pl\/\",\"logo\":{\"@type\":\"ImageObject\",\"inLanguage\":\"pl-PL\",\"@id\":\"https:\/\/notariuszgaledek.pl\/#\/schema\/logo\/image\/\",\"url\":\"https:\/\/notariuszgaledek.pl\/wp-content\/uploads\/2026\/02\/bitmapa.png\",\"contentUrl\":\"https:\/\/notariuszgaledek.pl\/wp-content\/uploads\/2026\/02\/bitmapa.png\",\"width\":512,\"height\":512,\"caption\":\"Kancelaria Notarialna\"},\"image\":{\"@id\":\"https:\/\/notariuszgaledek.pl\/#\/schema\/logo\/image\/\"}}]}<\/script>\n<!-- \/ Yoast SEO plugin. -->","yoast_head_json":{"title":"Kontakt - Kancelaria Notarialna","robots":{"index":"index","follow":"follow","max-snippet":"max-snippet:-1","max-image-preview":"max-image-preview:large","max-video-preview":"max-video-preview:-1"},"canonical":"https:\/\/notariuszgaledek.pl\/index.php\/kontakt\/","og_locale":"pl_PL","og_type":"article","og_title":"Kontakt - Kancelaria Notarialna","og_description":"Kancelaria Notarialna &#8211; Notariusz Micha\u0142 Ga\u0142\u0119dekAdres: ul. Szeroka 11\/13 \/ 2, 80-835 (wej\u015bcie od ul. W\u0119glarskiej)Telefon: 534\u00a0392 902E-mail: galedek@notariuszgaledek.plGodziny pracy: poniedzia\u0142ek\u2013pi\u0105tek 12.00-18.00","og_url":"https:\/\/notariuszgaledek.pl\/index.php\/kontakt\/","og_site_name":"Kancelaria Notarialna","article_modified_time":"2026-03-27T08:32:20+00:00","twitter_card":"summary_large_image","twitter_misc":{"Szacowany czas czytania":"1 minuta"},"schema":{"@context":"https:\/\/schema.org","@graph":[{"@type":"WebPage","@id":"https:\/\/notariuszgaledek.pl\/index.php\/kontakt\/","url":"https:\/\/notariuszgaledek.pl\/index.php\/kontakt\/","name":"Kontakt - Kancelaria Notarialna","isPartOf":{"@id":"https:\/\/notariuszgaledek.pl\/#website"},"datePublished":"2026-02-09T19:33:43+00:00","dateModified":"2026-03-27T08:32:20+00:00","breadcrumb":{"@id":"https:\/\/notariuszgaledek.pl\/index.php\/kontakt\/#breadcrumb"},"inLanguage":"pl-PL","potentialAction":[{"@type":"ReadAction","target":["https:\/\/notariuszgaledek.pl\/index.php\/kontakt\/"]}]},{"@type":"BreadcrumbList","@id":"https:\/\/notariuszgaledek.pl\/index.php\/kontakt\/#breadcrumb","itemListElement":[{"@type":"ListItem","position":1,"name":"Strona g\u0142\u00f3wna","item":"https:\/\/notariuszgaledek.pl\/"},{"@type":"ListItem","position":2,"name":"Kontakt"}]},{"@type":"WebSite","@id":"https:\/\/notariuszgaledek.pl\/#website","url":"https:\/\/notariuszgaledek.pl\/","name":"Kancelaria Notarialna","description":"Notariusz Micha\u0142 Ga\u0142\u0119dek","publisher":{"@id":"https:\/\/notariuszgaledek.pl\/#organization"},"potentialAction":[{"@type":"SearchAction","target":{"@type":"EntryPoint","urlTemplate":"https:\/\/notariuszgaledek.pl\/?s={search_term_string}"},"query-input":{"@type":"PropertyValueSpecification","valueRequired":true,"valueName":"search_term_string"}}],"inLanguage":"pl-PL"},{"@type":"Organization","@id":"https:\/\/notariuszgaledek.pl\/#organization","name":"Kancelaria Notarialna","url":"https:\/\/notariuszgaledek.pl\/","logo":{"@type":"ImageObject","inLanguage":"pl-PL","@id":"https:\/\/notariuszgaledek.pl\/#\/schema\/logo\/image\/","url":"https:\/\/notariuszgaledek.pl\/wp-content\/uploads\/2026\/02\/bitmapa.png","contentUrl":"https:\/\/notariuszgaledek.pl\/wp-content\/uploads\/2026\/02\/bitmapa.png","width":512,"height":512,"caption":"Kancelaria Notarialna"},"image":{"@id":"https:\/\/notariuszgaledek.pl\/#\/schema\/logo\/image\/"}}]}},"_links":{"self":[{"href":"https:\/\/notariuszgaledek.pl\/index.php\/wp-json\/wp\/v2\/pages\/14","targetHints":{"allow":["GET"]}}],"collection":[{"href":"https:\/\/notariuszgaledek.pl\/index.php\/wp-json\/wp\/v2\/pages"}],"about":[{"href":"https:\/\/notariuszgaledek.pl\/index.php\/wp-json\/wp\/v2\/types\/page"}],"author":[{"embeddable":true,"href":"https:\/\/notariuszgaledek.pl\/index.php\/wp-json\/wp\/v2\/users\/1"}],"replies":[{"embeddable":true,"href":"https:\/\/notariuszgaledek.pl\/index.php\/wp-json\/wp\/v2\/comments?post=14"}],"version-history":[{"count":4,"href":"https:\/\/notariuszgaledek.pl\/index.php\/wp-json\/wp\/v2\/pages\/14\/revisions"}],"predecessor-version":[{"id":80,"href":"https:\/\/notariuszgaledek.pl\/index.php\/wp-json\/wp\/v2\/pages\/14\/revisions\/80"}],"wp:attachment":[{"href":"https:\/\/notariuszgaledek.pl\/index.php\/wp-json\/wp\/v2\/media?parent=14"}],"curies":[{"name":"wp","href":"https:\/\/api.w.org\/{rel}","templated":true}]}}