{"id":20,"date":"2026-02-09T19:35:47","date_gmt":"2026-02-09T19:35:47","guid":{"rendered":"https:\/\/notariuszgaledek.pl\/?page_id=20"},"modified":"2026-02-09T19:35:47","modified_gmt":"2026-02-09T19:35:47","slug":"faq","status":"publish","type":"page","link":"https:\/\/notariuszgaledek.pl\/index.php\/faq\/","title":{"rendered":"FAQ"},"content":{"rendered":"\n<p>Czy konieczne jest wcze\u015bniejsze um\u00f3wienie wizyty?<br>Tak, prosimy o wcze\u015bniejszy kontakt.<br><br>Czy notariusz wyja\u015bnia skutki prawne czynno\u015bci?<br>Tak, ka\u017cda czynno\u015b\u0107 jest szczeg\u00f3\u0142owo omawiana przed jej dokonaniem.<br><br>Od czego zale\u017cy koszt czynno\u015bci notarialnej?<br>Koszt ustalany jest zgodnie z obowi\u0105zuj\u0105c\u0105 taks\u0105 notarialn\u0105.<\/p>\n","protected":false},"excerpt":{"rendered":"<p>Czy konieczne jest wcze\u015bniejsze um\u00f3wienie wizyty?Tak, prosimy o wcze\u015bniejszy kontakt. Czy notariusz wyja\u015bnia skutki prawne czynno\u015bci?Tak, ka\u017cda czynno\u015b\u0107 jest szczeg\u00f3\u0142owo omawiana przed jej dokonaniem. Od czego zale\u017cy koszt czynno\u015bci notarialnej?Koszt ustalany jest zgodnie z obowi\u0105zuj\u0105c\u0105 taks\u0105 notarialn\u0105.<\/p>\n","protected":false},"author":1,"featured_media":0,"parent":0,"menu_order":0,"comment_status":"closed","ping_status":"closed","template":"","meta":{"footnotes":""},"class_list":["post-20","page","type-page","status-publish","hentry"],"yoast_head":"<!-- This site is optimized with the Yoast SEO plugin v27.2 - https:\/\/yoast.com\/product\/yoast-seo-wordpress\/ -->\n<title>FAQ - Kancelaria Notarialna<\/title>\n<meta name=\"robots\" content=\"index, follow, max-snippet:-1, max-image-preview:large, max-video-preview:-1\" \/>\n<link rel=\"canonical\" href=\"https:\/\/notariuszgaledek.pl\/index.php\/faq\/\" \/>\n<meta property=\"og:locale\" content=\"pl_PL\" \/>\n<meta property=\"og:type\" content=\"article\" \/>\n<meta property=\"og:title\" content=\"FAQ - Kancelaria Notarialna\" \/>\n<meta property=\"og:description\" content=\"Czy konieczne jest wcze\u015bniejsze um\u00f3wienie wizyty?Tak, prosimy o wcze\u015bniejszy kontakt. Czy notariusz wyja\u015bnia skutki prawne czynno\u015bci?Tak, ka\u017cda czynno\u015b\u0107 jest szczeg\u00f3\u0142owo omawiana przed jej dokonaniem. Od czego zale\u017cy koszt czynno\u015bci notarialnej?Koszt ustalany jest zgodnie z obowi\u0105zuj\u0105c\u0105 taks\u0105 notarialn\u0105.\" \/>\n<meta property=\"og:url\" content=\"https:\/\/notariuszgaledek.pl\/index.php\/faq\/\" \/>\n<meta property=\"og:site_name\" content=\"Kancelaria Notarialna\" \/>\n<meta name=\"twitter:card\" content=\"summary_large_image\" \/>\n<script type=\"application\/ld+json\" class=\"yoast-schema-graph\">{\"@context\":\"https:\/\/schema.org\",\"@graph\":[{\"@type\":\"WebPage\",\"@id\":\"https:\/\/notariuszgaledek.pl\/index.php\/faq\/\",\"url\":\"https:\/\/notariuszgaledek.pl\/index.php\/faq\/\",\"name\":\"FAQ - Kancelaria Notarialna\",\"isPartOf\":{\"@id\":\"https:\/\/notariuszgaledek.pl\/#website\"},\"datePublished\":\"2026-02-09T19:35:47+00:00\",\"breadcrumb\":{\"@id\":\"https:\/\/notariuszgaledek.pl\/index.php\/faq\/#breadcrumb\"},\"inLanguage\":\"pl-PL\",\"potentialAction\":[{\"@type\":\"ReadAction\",\"target\":[\"https:\/\/notariuszgaledek.pl\/index.php\/faq\/\"]}]},{\"@type\":\"BreadcrumbList\",\"@id\":\"https:\/\/notariuszgaledek.pl\/index.php\/faq\/#breadcrumb\",\"itemListElement\":[{\"@type\":\"ListItem\",\"position\":1,\"name\":\"Strona g\u0142\u00f3wna\",\"item\":\"https:\/\/notariuszgaledek.pl\/\"},{\"@type\":\"ListItem\",\"position\":2,\"name\":\"FAQ\"}]},{\"@type\":\"WebSite\",\"@id\":\"https:\/\/notariuszgaledek.pl\/#website\",\"url\":\"https:\/\/notariuszgaledek.pl\/\",\"name\":\"Kancelaria Notarialna\",\"description\":\"Notariusz Micha\u0142 Ga\u0142\u0119dek\",\"publisher\":{\"@id\":\"https:\/\/notariuszgaledek.pl\/#organization\"},\"potentialAction\":[{\"@type\":\"SearchAction\",\"target\":{\"@type\":\"EntryPoint\",\"urlTemplate\":\"https:\/\/notariuszgaledek.pl\/?s={search_term_string}\"},\"query-input\":{\"@type\":\"PropertyValueSpecification\",\"valueRequired\":true,\"valueName\":\"search_term_string\"}}],\"inLanguage\":\"pl-PL\"},{\"@type\":\"Organization\",\"@id\":\"https:\/\/notariuszgaledek.pl\/#organization\",\"name\":\"Kancelaria Notarialna\",\"url\":\"https:\/\/notariuszgaledek.pl\/\",\"logo\":{\"@type\":\"ImageObject\",\"inLanguage\":\"pl-PL\",\"@id\":\"https:\/\/notariuszgaledek.pl\/#\/schema\/logo\/image\/\",\"url\":\"https:\/\/notariuszgaledek.pl\/wp-content\/uploads\/2026\/02\/bitmapa.png\",\"contentUrl\":\"https:\/\/notariuszgaledek.pl\/wp-content\/uploads\/2026\/02\/bitmapa.png\",\"width\":512,\"height\":512,\"caption\":\"Kancelaria Notarialna\"},\"image\":{\"@id\":\"https:\/\/notariuszgaledek.pl\/#\/schema\/logo\/image\/\"}}]}<\/script>\n<!-- \/ Yoast SEO plugin. -->","yoast_head_json":{"title":"FAQ - Kancelaria Notarialna","robots":{"index":"index","follow":"follow","max-snippet":"max-snippet:-1","max-image-preview":"max-image-preview:large","max-video-preview":"max-video-preview:-1"},"canonical":"https:\/\/notariuszgaledek.pl\/index.php\/faq\/","og_locale":"pl_PL","og_type":"article","og_title":"FAQ - Kancelaria Notarialna","og_description":"Czy konieczne jest wcze\u015bniejsze um\u00f3wienie wizyty?Tak, prosimy o wcze\u015bniejszy kontakt. Czy notariusz wyja\u015bnia skutki prawne czynno\u015bci?Tak, ka\u017cda czynno\u015b\u0107 jest szczeg\u00f3\u0142owo omawiana przed jej dokonaniem. Od czego zale\u017cy koszt czynno\u015bci notarialnej?Koszt ustalany jest zgodnie z obowi\u0105zuj\u0105c\u0105 taks\u0105 notarialn\u0105.","og_url":"https:\/\/notariuszgaledek.pl\/index.php\/faq\/","og_site_name":"Kancelaria Notarialna","twitter_card":"summary_large_image","schema":{"@context":"https:\/\/schema.org","@graph":[{"@type":"WebPage","@id":"https:\/\/notariuszgaledek.pl\/index.php\/faq\/","url":"https:\/\/notariuszgaledek.pl\/index.php\/faq\/","name":"FAQ - Kancelaria Notarialna","isPartOf":{"@id":"https:\/\/notariuszgaledek.pl\/#website"},"datePublished":"2026-02-09T19:35:47+00:00","breadcrumb":{"@id":"https:\/\/notariuszgaledek.pl\/index.php\/faq\/#breadcrumb"},"inLanguage":"pl-PL","potentialAction":[{"@type":"ReadAction","target":["https:\/\/notariuszgaledek.pl\/index.php\/faq\/"]}]},{"@type":"BreadcrumbList","@id":"https:\/\/notariuszgaledek.pl\/index.php\/faq\/#breadcrumb","itemListElement":[{"@type":"ListItem","position":1,"name":"Strona g\u0142\u00f3wna","item":"https:\/\/notariuszgaledek.pl\/"},{"@type":"ListItem","position":2,"name":"FAQ"}]},{"@type":"WebSite","@id":"https:\/\/notariuszgaledek.pl\/#website","url":"https:\/\/notariuszgaledek.pl\/","name":"Kancelaria Notarialna","description":"Notariusz Micha\u0142 Ga\u0142\u0119dek","publisher":{"@id":"https:\/\/notariuszgaledek.pl\/#organization"},"potentialAction":[{"@type":"SearchAction","target":{"@type":"EntryPoint","urlTemplate":"https:\/\/notariuszgaledek.pl\/?s={search_term_string}"},"query-input":{"@type":"PropertyValueSpecification","valueRequired":true,"valueName":"search_term_string"}}],"inLanguage":"pl-PL"},{"@type":"Organization","@id":"https:\/\/notariuszgaledek.pl\/#organization","name":"Kancelaria Notarialna","url":"https:\/\/notariuszgaledek.pl\/","logo":{"@type":"ImageObject","inLanguage":"pl-PL","@id":"https:\/\/notariuszgaledek.pl\/#\/schema\/logo\/image\/","url":"https:\/\/notariuszgaledek.pl\/wp-content\/uploads\/2026\/02\/bitmapa.png","contentUrl":"https:\/\/notariuszgaledek.pl\/wp-content\/uploads\/2026\/02\/bitmapa.png","width":512,"height":512,"caption":"Kancelaria Notarialna"},"image":{"@id":"https:\/\/notariuszgaledek.pl\/#\/schema\/logo\/image\/"}}]}},"_links":{"self":[{"href":"https:\/\/notariuszgaledek.pl\/index.php\/wp-json\/wp\/v2\/pages\/20","targetHints":{"allow":["GET"]}}],"collection":[{"href":"https:\/\/notariuszgaledek.pl\/index.php\/wp-json\/wp\/v2\/pages"}],"about":[{"href":"https:\/\/notariuszgaledek.pl\/index.php\/wp-json\/wp\/v2\/types\/page"}],"author":[{"embeddable":true,"href":"https:\/\/notariuszgaledek.pl\/index.php\/wp-json\/wp\/v2\/users\/1"}],"replies":[{"embeddable":true,"href":"https:\/\/notariuszgaledek.pl\/index.php\/wp-json\/wp\/v2\/comments?post=20"}],"version-history":[{"count":1,"href":"https:\/\/notariuszgaledek.pl\/index.php\/wp-json\/wp\/v2\/pages\/20\/revisions"}],"predecessor-version":[{"id":21,"href":"https:\/\/notariuszgaledek.pl\/index.php\/wp-json\/wp\/v2\/pages\/20\/revisions\/21"}],"wp:attachment":[{"href":"https:\/\/notariuszgaledek.pl\/index.php\/wp-json\/wp\/v2\/media?parent=20"}],"curies":[{"name":"wp","href":"https:\/\/api.w.org\/{rel}","templated":true}]}}