{"id":6,"date":"2026-02-09T19:28:53","date_gmt":"2026-02-09T19:28:53","guid":{"rendered":"https:\/\/notariuszgaledek.pl\/?page_id=6"},"modified":"2026-02-10T20:26:34","modified_gmt":"2026-02-10T20:26:34","slug":"o-mnie","status":"publish","type":"page","link":"https:\/\/notariuszgaledek.pl\/","title":{"rendered":"O mnie"},"content":{"rendered":"\n<h2 class=\"wp-block-heading\">Kancelaria Notarialna &#8211; Notariusz Micha\u0142 Ga\u0142\u0119dek<\/h2>\n\n\n\n<p><br>Zapewniam profesjonaln\u0105 i rzeteln\u0105 obs\u0142ug\u0119 notarialn\u0105, opart\u0105 na obowi\u0105zuj\u0105cych przepisach prawa oraz indywidualnym podej\u015bciu do ka\u017cdej sprawy.<br>Kancelaria prowadzona jest przez notariusza b\u0119d\u0105cego jednocze\u015bnie doktorem habilitowanym nauk prawnych oraz profesorem prawa na Uniwersytecie Gda\u0144skim.<br>Zapraszam osoby prywatne i przedsi\u0119biorc\u00f3w do kontaktu i um\u00f3wienia wizyty.<\/p>\n\n\n\n<div style=\"height:85px\" aria-hidden=\"true\" class=\"wp-block-spacer\"><\/div>\n\n\n\n<p><strong>J<\/strong>estem notariuszem, doktorem habilitowanym nauk prawnych oraz profesorem prawa na Uniwersytecie Gda\u0144skim.<br>Uko\u0144czy\u0142em studia prawnicze na Uniwersytecie Gda\u0144skim i od wielu lat prowadz\u0119 dzia\u0142alno\u015b\u0107 naukow\u0105, specjalizuj\u0105c si\u0119 w problematyce historii prawa, prawa prywatnego i konstytucyjnego.  <a href=\"https:\/\/old.prawo.ug.edu.pl\/pracownik\/849\/michal_galedek\">dr hab. Micha\u0142 Ga\u0142\u0119dek, prof. UG | Wydzia\u0142 Prawa i Administracji<\/a><br>Do\u015bwiadczenie akademickie \u0142\u0105cz\u0119 z praktyk\u0105 notarialn\u0105. Kieruj\u0119 si\u0119 zasadami bezstronno\u015bci, rzetelno\u015bci i przejrzysto\u015bci, dbaj\u0105c o pe\u0142ne zrozumienie skutk\u00f3w prawnych dokonywanych czynno\u015bci przez wszystkie strony.<\/p>\n\n\n\n<div style=\"height:311px\" aria-hidden=\"true\" class=\"wp-block-spacer\"><\/div>\n","protected":false},"excerpt":{"rendered":"<p>Kancelaria Notarialna &#8211; Notariusz Micha\u0142 Ga\u0142\u0119dek Zapewniam profesjonaln\u0105 i rzeteln\u0105 obs\u0142ug\u0119 notarialn\u0105, opart\u0105 na obowi\u0105zuj\u0105cych przepisach prawa oraz indywidualnym podej\u015bciu do ka\u017cdej sprawy.Kancelaria prowadzona jest przez notariusza b\u0119d\u0105cego jednocze\u015bnie doktorem habilitowanym nauk prawnych oraz profesorem prawa na Uniwersytecie Gda\u0144skim.Zapraszam osoby prywatne i przedsi\u0119biorc\u00f3w do kontaktu i um\u00f3wienia wizyty. Jestem notariuszem, doktorem habilitowanym nauk prawnych oraz [&hellip;]<\/p>\n","protected":false},"author":1,"featured_media":0,"parent":0,"menu_order":0,"comment_status":"closed","ping_status":"closed","template":"","meta":{"footnotes":""},"class_list":["post-6","page","type-page","status-publish","hentry"],"yoast_head":"<!-- This site is optimized with the Yoast SEO plugin v27.2 - https:\/\/yoast.com\/product\/yoast-seo-wordpress\/ -->\n<title>O mnie - Kancelaria Notarialna<\/title>\n<meta name=\"robots\" content=\"index, follow, max-snippet:-1, max-image-preview:large, max-video-preview:-1\" \/>\n<link rel=\"canonical\" href=\"https:\/\/notariuszgaledek.pl\/\" \/>\n<meta property=\"og:locale\" content=\"pl_PL\" \/>\n<meta property=\"og:type\" content=\"article\" \/>\n<meta property=\"og:title\" content=\"O mnie - Kancelaria Notarialna\" \/>\n<meta property=\"og:description\" content=\"Kancelaria Notarialna &#8211; Notariusz Micha\u0142 Ga\u0142\u0119dek Zapewniam profesjonaln\u0105 i rzeteln\u0105 obs\u0142ug\u0119 notarialn\u0105, opart\u0105 na obowi\u0105zuj\u0105cych przepisach prawa oraz indywidualnym podej\u015bciu do ka\u017cdej sprawy.Kancelaria prowadzona jest przez notariusza b\u0119d\u0105cego jednocze\u015bnie doktorem habilitowanym nauk prawnych oraz profesorem prawa na Uniwersytecie Gda\u0144skim.Zapraszam osoby prywatne i przedsi\u0119biorc\u00f3w do kontaktu i um\u00f3wienia wizyty. Jestem notariuszem, doktorem habilitowanym nauk prawnych oraz [&hellip;]\" \/>\n<meta property=\"og:url\" content=\"https:\/\/notariuszgaledek.pl\/\" \/>\n<meta property=\"og:site_name\" content=\"Kancelaria Notarialna\" \/>\n<meta property=\"article:modified_time\" content=\"2026-02-10T20:26:34+00:00\" \/>\n<meta name=\"twitter:card\" content=\"summary_large_image\" \/>\n<meta name=\"twitter:label1\" content=\"Szacowany czas czytania\" \/>\n\t<meta name=\"twitter:data1\" content=\"1 minuta\" \/>\n<script type=\"application\/ld+json\" class=\"yoast-schema-graph\">{\"@context\":\"https:\/\/schema.org\",\"@graph\":[{\"@type\":\"WebPage\",\"@id\":\"https:\/\/notariuszgaledek.pl\/\",\"url\":\"https:\/\/notariuszgaledek.pl\/\",\"name\":\"O mnie - Kancelaria Notarialna\",\"isPartOf\":{\"@id\":\"https:\/\/notariuszgaledek.pl\/#website\"},\"datePublished\":\"2026-02-09T19:28:53+00:00\",\"dateModified\":\"2026-02-10T20:26:34+00:00\",\"breadcrumb\":{\"@id\":\"https:\/\/notariuszgaledek.pl\/#breadcrumb\"},\"inLanguage\":\"pl-PL\",\"potentialAction\":[{\"@type\":\"ReadAction\",\"target\":[\"https:\/\/notariuszgaledek.pl\/\"]}]},{\"@type\":\"BreadcrumbList\",\"@id\":\"https:\/\/notariuszgaledek.pl\/#breadcrumb\",\"itemListElement\":[{\"@type\":\"ListItem\",\"position\":1,\"name\":\"Strona g\u0142\u00f3wna\",\"item\":\"https:\/\/notariuszgaledek.pl\/\"},{\"@type\":\"ListItem\",\"position\":2,\"name\":\"O mnie\"}]},{\"@type\":\"WebSite\",\"@id\":\"https:\/\/notariuszgaledek.pl\/#website\",\"url\":\"https:\/\/notariuszgaledek.pl\/\",\"name\":\"Kancelaria Notarialna\",\"description\":\"Notariusz Micha\u0142 Ga\u0142\u0119dek\",\"publisher\":{\"@id\":\"https:\/\/notariuszgaledek.pl\/#organization\"},\"potentialAction\":[{\"@type\":\"SearchAction\",\"target\":{\"@type\":\"EntryPoint\",\"urlTemplate\":\"https:\/\/notariuszgaledek.pl\/?s={search_term_string}\"},\"query-input\":{\"@type\":\"PropertyValueSpecification\",\"valueRequired\":true,\"valueName\":\"search_term_string\"}}],\"inLanguage\":\"pl-PL\"},{\"@type\":\"Organization\",\"@id\":\"https:\/\/notariuszgaledek.pl\/#organization\",\"name\":\"Kancelaria Notarialna\",\"url\":\"https:\/\/notariuszgaledek.pl\/\",\"logo\":{\"@type\":\"ImageObject\",\"inLanguage\":\"pl-PL\",\"@id\":\"https:\/\/notariuszgaledek.pl\/#\/schema\/logo\/image\/\",\"url\":\"https:\/\/notariuszgaledek.pl\/wp-content\/uploads\/2026\/02\/bitmapa.png\",\"contentUrl\":\"https:\/\/notariuszgaledek.pl\/wp-content\/uploads\/2026\/02\/bitmapa.png\",\"width\":512,\"height\":512,\"caption\":\"Kancelaria Notarialna\"},\"image\":{\"@id\":\"https:\/\/notariuszgaledek.pl\/#\/schema\/logo\/image\/\"}}]}<\/script>\n<!-- \/ Yoast SEO plugin. -->","yoast_head_json":{"title":"O mnie - Kancelaria Notarialna","robots":{"index":"index","follow":"follow","max-snippet":"max-snippet:-1","max-image-preview":"max-image-preview:large","max-video-preview":"max-video-preview:-1"},"canonical":"https:\/\/notariuszgaledek.pl\/","og_locale":"pl_PL","og_type":"article","og_title":"O mnie - Kancelaria Notarialna","og_description":"Kancelaria Notarialna &#8211; Notariusz Micha\u0142 Ga\u0142\u0119dek Zapewniam profesjonaln\u0105 i rzeteln\u0105 obs\u0142ug\u0119 notarialn\u0105, opart\u0105 na obowi\u0105zuj\u0105cych przepisach prawa oraz indywidualnym podej\u015bciu do ka\u017cdej sprawy.Kancelaria prowadzona jest przez notariusza b\u0119d\u0105cego jednocze\u015bnie doktorem habilitowanym nauk prawnych oraz profesorem prawa na Uniwersytecie Gda\u0144skim.Zapraszam osoby prywatne i przedsi\u0119biorc\u00f3w do kontaktu i um\u00f3wienia wizyty. Jestem notariuszem, doktorem habilitowanym nauk prawnych oraz [&hellip;]","og_url":"https:\/\/notariuszgaledek.pl\/","og_site_name":"Kancelaria Notarialna","article_modified_time":"2026-02-10T20:26:34+00:00","twitter_card":"summary_large_image","twitter_misc":{"Szacowany czas czytania":"1 minuta"},"schema":{"@context":"https:\/\/schema.org","@graph":[{"@type":"WebPage","@id":"https:\/\/notariuszgaledek.pl\/","url":"https:\/\/notariuszgaledek.pl\/","name":"O mnie - Kancelaria Notarialna","isPartOf":{"@id":"https:\/\/notariuszgaledek.pl\/#website"},"datePublished":"2026-02-09T19:28:53+00:00","dateModified":"2026-02-10T20:26:34+00:00","breadcrumb":{"@id":"https:\/\/notariuszgaledek.pl\/#breadcrumb"},"inLanguage":"pl-PL","potentialAction":[{"@type":"ReadAction","target":["https:\/\/notariuszgaledek.pl\/"]}]},{"@type":"BreadcrumbList","@id":"https:\/\/notariuszgaledek.pl\/#breadcrumb","itemListElement":[{"@type":"ListItem","position":1,"name":"Strona g\u0142\u00f3wna","item":"https:\/\/notariuszgaledek.pl\/"},{"@type":"ListItem","position":2,"name":"O mnie"}]},{"@type":"WebSite","@id":"https:\/\/notariuszgaledek.pl\/#website","url":"https:\/\/notariuszgaledek.pl\/","name":"Kancelaria Notarialna","description":"Notariusz Micha\u0142 Ga\u0142\u0119dek","publisher":{"@id":"https:\/\/notariuszgaledek.pl\/#organization"},"potentialAction":[{"@type":"SearchAction","target":{"@type":"EntryPoint","urlTemplate":"https:\/\/notariuszgaledek.pl\/?s={search_term_string}"},"query-input":{"@type":"PropertyValueSpecification","valueRequired":true,"valueName":"search_term_string"}}],"inLanguage":"pl-PL"},{"@type":"Organization","@id":"https:\/\/notariuszgaledek.pl\/#organization","name":"Kancelaria Notarialna","url":"https:\/\/notariuszgaledek.pl\/","logo":{"@type":"ImageObject","inLanguage":"pl-PL","@id":"https:\/\/notariuszgaledek.pl\/#\/schema\/logo\/image\/","url":"https:\/\/notariuszgaledek.pl\/wp-content\/uploads\/2026\/02\/bitmapa.png","contentUrl":"https:\/\/notariuszgaledek.pl\/wp-content\/uploads\/2026\/02\/bitmapa.png","width":512,"height":512,"caption":"Kancelaria Notarialna"},"image":{"@id":"https:\/\/notariuszgaledek.pl\/#\/schema\/logo\/image\/"}}]}},"_links":{"self":[{"href":"https:\/\/notariuszgaledek.pl\/index.php\/wp-json\/wp\/v2\/pages\/6","targetHints":{"allow":["GET"]}}],"collection":[{"href":"https:\/\/notariuszgaledek.pl\/index.php\/wp-json\/wp\/v2\/pages"}],"about":[{"href":"https:\/\/notariuszgaledek.pl\/index.php\/wp-json\/wp\/v2\/types\/page"}],"author":[{"embeddable":true,"href":"https:\/\/notariuszgaledek.pl\/index.php\/wp-json\/wp\/v2\/users\/1"}],"replies":[{"embeddable":true,"href":"https:\/\/notariuszgaledek.pl\/index.php\/wp-json\/wp\/v2\/comments?post=6"}],"version-history":[{"count":6,"href":"https:\/\/notariuszgaledek.pl\/index.php\/wp-json\/wp\/v2\/pages\/6\/revisions"}],"predecessor-version":[{"id":60,"href":"https:\/\/notariuszgaledek.pl\/index.php\/wp-json\/wp\/v2\/pages\/6\/revisions\/60"}],"wp:attachment":[{"href":"https:\/\/notariuszgaledek.pl\/index.php\/wp-json\/wp\/v2\/media?parent=6"}],"curies":[{"name":"wp","href":"https:\/\/api.w.org\/{rel}","templated":true}]}}